{"id":2,"date":"2022-12-28T09:11:45","date_gmt":"2022-12-28T09:11:45","guid":{"rendered":"https:\/\/elpulpoenelvaso.jlmirall.es\/?page_id=2"},"modified":"2023-01-26T13:59:07","modified_gmt":"2023-01-26T13:59:07","slug":"sample-page","status":"publish","type":"page","link":"https:\/\/elpulpoenelvaso.jlmirall.es\/?page_id=2","title":{"rendered":"Acerca de"},"content":{"rendered":"\n<div class=\"wp-block-columns alignfull is-layout-flex wp-container-core-columns-is-layout-28f84493 wp-block-columns-is-layout-flex\">\n<div class=\"wp-block-column is-layout-flow wp-block-column-is-layout-flow\" style=\"flex-basis:50%\">\n<div class=\"wp-block-cover is-light\" style=\"min-height:600px;aspect-ratio:unset;\"><span aria-hidden=\"true\" class=\"wp-block-cover__background has-background-dim-100 has-background-dim\" style=\"background-color:#f6f6f6\"><\/span><div class=\"wp-block-cover__inner-container is-layout-flow wp-block-cover-is-layout-flow\">\n<figure class=\"wp-block-image aligncenter size-large\"><img data-recalc-dims=\"1\" loading=\"lazy\" decoding=\"async\" width=\"1024\" height=\"1024\" src=\"https:\/\/i0.wp.com\/elpulpoenelvaso.jlmirall.es\/wp-content\/uploads\/2024\/02\/B4131554-B31B-4AE8-923F-7442C758D601.jpg?resize=1024%2C1024&#038;ssl=1\" alt=\"\" class=\"wp-image-7\" srcset=\"https:\/\/i0.wp.com\/elpulpoenelvaso.jlmirall.es\/wp-content\/uploads\/2024\/02\/B4131554-B31B-4AE8-923F-7442C758D601.jpg?resize=1024%2C1024&amp;ssl=1 1024w, https:\/\/i0.wp.com\/elpulpoenelvaso.jlmirall.es\/wp-content\/uploads\/2024\/02\/B4131554-B31B-4AE8-923F-7442C758D601.jpg?resize=300%2C300&amp;ssl=1 300w, https:\/\/i0.wp.com\/elpulpoenelvaso.jlmirall.es\/wp-content\/uploads\/2024\/02\/B4131554-B31B-4AE8-923F-7442C758D601.jpg?resize=150%2C150&amp;ssl=1 150w, https:\/\/i0.wp.com\/elpulpoenelvaso.jlmirall.es\/wp-content\/uploads\/2024\/02\/B4131554-B31B-4AE8-923F-7442C758D601.jpg?resize=768%2C768&amp;ssl=1 768w, https:\/\/i0.wp.com\/elpulpoenelvaso.jlmirall.es\/wp-content\/uploads\/2024\/02\/B4131554-B31B-4AE8-923F-7442C758D601.jpg?w=1080&amp;ssl=1 1080w\" sizes=\"auto, (max-width: 1000px) 100vw, 1000px\" \/><\/figure>\n<\/div><\/div>\n<\/div>\n\n\n\n<div class=\"wp-block-column is-vertically-aligned-center is-layout-flow wp-block-column-is-layout-flow\" style=\"padding-top:1em;padding-right:1em;padding-bottom:1em;padding-left:1em\">\n<div class=\"wp-block-columns is-layout-flex wp-container-core-columns-is-layout-28f84493 wp-block-columns-is-layout-flex\">\n<div class=\"wp-block-column is-layout-flow wp-block-column-is-layout-flow\" style=\"flex-basis:320px\">\n<figure class=\"wp-block-pullquote has-cyan-bluish-gray-background-color has-background has-x-large-font-size\"><blockquote><p>El pulpo en el vaso<\/p><\/blockquote><\/figure>\n\n\n\n<p class=\"has-small-font-size\" style=\"line-height:1.6\">Es com\u00fan que cuando uno se interesa por la literatura acad\u00e9mica y empieza a leer sobre un tema siempre aparecen otros temas relacionados. Y cada vez que se intenta realizar un mapa completo del asunto es tan complicado como convencer a un pulpo &#8211; con todos sus tent\u00e1culos &#8211; a entrar dentro de un vaso.<\/p>\n<\/div>\n<\/div>\n<\/div>\n<\/div>\n\n\n\n<p><strong>El pulpo en el vaso<\/strong> es un blog de reflexi\u00f3n sobre m\u00fasica y educaci\u00f3n &#8211; y otros tent\u00e1culos que se resisten &#8211; de <a rel=\"noreferrer noopener\" href=\"https:\/\/jlmirall.es\/\" target=\"_blank\">Jos\u00e9 Luis Miralles Bono<\/a>. Antiguamente escrib\u00eda en <a rel=\"noreferrer noopener\" href=\"https:\/\/oysiao.jlmirall.es\/\" target=\"_blank\">Oysiao en el Oasis<\/a>, pero despu\u00e9s de casi 15 a\u00f1os ya necesitaba un cambio de imagen.<\/p>\n\n\n\n<p>Las im\u00e1genes de este blog de las que no se incluye la autor\u00eda, han sido generadas mediante Inteligencia Artificial.<\/p>\n\n\n\n<p xmlns:cc=\"http:\/\/creativecommons.org\/ns#\" >Siempre que no se indique lo contrario, el contenido de este blog est\u00e1 bajo una licencia: <a href=\"http:\/\/creativecommons.org\/licenses\/by-nc\/4.0\/?ref=chooser-v1\" target=\"_blank\" rel=\"license noopener noreferrer\" style=\"display:inline-block;\">CC BY-NC 4.0<img decoding=\"async\" style=\"height:22px!important;margin-left:3px;vertical-align:text-bottom;\" src=\"https:\/\/mirrors.creativecommons.org\/presskit\/icons\/cc.svg?ref=chooser-v1\"><img decoding=\"async\" style=\"height:22px!important;margin-left:3px;vertical-align:text-bottom;\" src=\"https:\/\/mirrors.creativecommons.org\/presskit\/icons\/by.svg?ref=chooser-v1\"><img decoding=\"async\" style=\"height:22px!important;margin-left:3px;vertical-align:text-bottom;\" src=\"https:\/\/mirrors.creativecommons.org\/presskit\/icons\/nc.svg?ref=chooser-v1\"><\/a><\/p>\n\n\n\n<div class=\"ko-fi-button\" data-text=\"\u00bfMe invitas a un \u2615\ufe0f?\" data-color=\"#ff5f5f\" data-code=\"miralles\" id=\"kofiShortcode904Html\" style=\"float: none; text-align: left;\" data-title=\"\"><\/div>\n","protected":false},"excerpt":{"rendered":"<p>El pulpo en el vaso Es com\u00fan que cuando uno se interesa por la literatura acad\u00e9mica y empieza a leer sobre un tema siempre aparecen otros temas relacionados. Y cada vez que se intenta realizar un mapa completo del asunto es tan complicado como convencer a un pulpo &#8211; con todos sus tent\u00e1culos &#8211; a [&hellip;]<\/p>\n","protected":false},"author":1,"featured_media":0,"parent":0,"menu_order":0,"comment_status":"closed","ping_status":"open","template":"","meta":{"footnotes":""},"class_list":["post-2","page","type-page","status-publish","hentry"],"jetpack-related-posts":[],"jetpack_sharing_enabled":true,"_links":{"self":[{"href":"https:\/\/elpulpoenelvaso.jlmirall.es\/index.php?rest_route=\/wp\/v2\/pages\/2","targetHints":{"allow":["GET"]}}],"collection":[{"href":"https:\/\/elpulpoenelvaso.jlmirall.es\/index.php?rest_route=\/wp\/v2\/pages"}],"about":[{"href":"https:\/\/elpulpoenelvaso.jlmirall.es\/index.php?rest_route=\/wp\/v2\/types\/page"}],"author":[{"embeddable":true,"href":"https:\/\/elpulpoenelvaso.jlmirall.es\/index.php?rest_route=\/wp\/v2\/users\/1"}],"replies":[{"embeddable":true,"href":"https:\/\/elpulpoenelvaso.jlmirall.es\/index.php?rest_route=%2Fwp%2Fv2%2Fcomments&post=2"}],"version-history":[{"count":5,"href":"https:\/\/elpulpoenelvaso.jlmirall.es\/index.php?rest_route=\/wp\/v2\/pages\/2\/revisions"}],"predecessor-version":[{"id":124,"href":"https:\/\/elpulpoenelvaso.jlmirall.es\/index.php?rest_route=\/wp\/v2\/pages\/2\/revisions\/124"}],"wp:attachment":[{"href":"https:\/\/elpulpoenelvaso.jlmirall.es\/index.php?rest_route=%2Fwp%2Fv2%2Fmedia&parent=2"}],"curies":[{"name":"wp","href":"https:\/\/api.w.org\/{rel}","templated":true}]}}